{"id":1615,"date":"2020-10-22T14:53:56","date_gmt":"2020-10-22T12:53:56","guid":{"rendered":"http:\/\/www.image-film.pl\/?page_id=1615"},"modified":"2021-02-03T20:17:57","modified_gmt":"2021-02-03T19:17:57","slug":"oferta","status":"publish","type":"page","link":"https:\/\/www.image-film.pl\/?page_id=1615","title":{"rendered":"Oferta"},"content":{"rendered":"<p>[vc_row full_width=&#8221;stretch_row_content&#8221; css=&#8221;.vc_custom_1603371230018{margin-top: -85px !important;background-image: url(http:\/\/www.image-film.pl\/wp-content\/uploads\/2020\/10\/oferta_banner_tlo.jpg?id=1616) !important;background-position: center !important;background-repeat: no-repeat !important;background-size: cover !important;}&#8221;][vc_column][vc_empty_space height=&#8221;400px&#8221;][\/vc_column][\/vc_row][vc_row][vc_column][vc_column_text css=&#8221;.vc_custom_1603371559984{margin-bottom: 0px !important;padding-top: 15px !important;padding-bottom: 22px !important;}&#8221;]<\/p>\n<h1 style=\"text-align: center;\"><span style=\"color: #dd3333;\">Co oferujemy naszym klientom?<\/span><\/h1>\n<p>[\/vc_column_text][vc_column_text css=&#8221;.vc_custom_1603371583517{padding-bottom: 26px !important;}&#8221;]<\/p>\n<p style=\"text-align: center;\">Praca z obrazem to nasza pasja, dlatego naszym klientom oferujemy us\u0142ugi z zakresu obs\u0142ugi audio-wizualnej<br \/>\nod pojedynczych kamer i wydarze\u0144, po bardziej skomplikowane eventy i transmisje na \u017cywo.<\/p>\n<p>[\/vc_column_text][\/vc_column][\/vc_row][vc_row equal_height=&#8221;yes&#8221; content_placement=&#8221;middle&#8221; css_animation=&#8221;fadeInUp&#8221; css=&#8221;.vc_custom_1488967900242{margin-top: 0px !important;margin-right: 0px !important;margin-bottom: 80px !important;margin-left: 0px !important;padding-top: 0px !important;padding-right: 0px !important;padding-bottom: 0px !important;padding-left: 0px !important;background-color: #131315 !important;}&#8221;][vc_column css=&#8221;.vc_custom_1488962039833{margin-top: 0px !important;margin-right: 0px !important;margin-bottom: 0px !important;margin-left: 0px !important;padding-top: 0px !important;padding-right: 0px !important;padding-bottom: 0px !important;padding-left: 0px !important;}&#8221; offset=&#8221;vc_col-lg-8&#8243;][vc_gallery interval=&#8221;0&#8243; images=&#8221;1619&#8243; img_size=&#8221;950&#215;500&#8243; onclick=&#8221;&#8221; css=&#8221;.vc_custom_1603373603725{margin-top: 0px !important;margin-right: 0px !important;margin-bottom: 0px !important;margin-left: 0px !important;padding-top: 0px !important;padding-right: 0px !important;padding-bottom: 0px !important;padding-left: 0px !important;}&#8221;][\/vc_column][vc_column css=&#8221;.vc_custom_1488966314151{margin-top: 0px !important;margin-right: 0px !important;margin-bottom: 0px !important;margin-left: 0px !important;padding-top: 20px !important;padding-right: 30px !important;padding-bottom: 55px !important;padding-left: 30px !important;}&#8221; offset=&#8221;vc_col-lg-4&#8243; el_class=&#8221;showcase_info&#8221;][vc_column_text css=&#8221;.vc_custom_1603375533003{margin-top: 0px !important;margin-right: 0px !important;margin-bottom: 0px !important;margin-left: 0px !important;padding-top: 0px !important;padding-right: 0px !important;padding-bottom: 0px !important;padding-left: 0px !important;}&#8221;]<\/p>\n<h3><span style=\"color: #757579;\">Transmisje internetowe<\/span><\/h3>\n<p>[\/vc_column_text][vc_empty_space height=&#8221;25px&#8221;][vc_column_text css=&#8221;.vc_custom_1603375930798{margin-top: 0px !important;margin-right: 0px !important;margin-bottom: 0px !important;margin-left: 0px !important;padding-top: 0px !important;padding-right: 0px !important;padding-bottom: 0px !important;padding-left: 0px !important;}&#8221;]Realizacje wideo w czasie rzeczywistym transmitowane na \u017cywo do dowolnie wybranej platformy social medi\u00f3w.[\/vc_column_text][vc_empty_space height=&#8221;20px&#8221;][vc_column_text css=&#8221;.vc_custom_1603376036460{margin-top: 0px !important;margin-right: 0px !important;margin-bottom: 0px !important;margin-left: 0px !important;padding-top: 0px !important;padding-right: 0px !important;padding-bottom: 0px !important;padding-left: 0px !important;}&#8221;]YouTube, Facebook &#8211; to tylko przyk\u0142ady niekt\u00f3rych z nich.[\/vc_column_text][vc_empty_space height=&#8221;40px&#8221;][gt3_button button_title=&#8221;Kontakt&#8221; button_size=&#8221;large&#8221; use_reverse_button=&#8221;&#8221; css=&#8221;.vc_custom_1612379795571{margin-bottom: 0px !important;padding-right: 38px !important;padding-left: 38px !important;}&#8221; link=&#8221;url:http%3A%2F%2Fwww.image-film.pl%2F%3Fpage_id%3D950|title:Contacts||&#8221;][\/vc_column][\/vc_row][vc_row equal_height=&#8221;yes&#8221; content_placement=&#8221;middle&#8221; css_animation=&#8221;fadeInUp&#8221; css=&#8221;.vc_custom_1488967906159{margin-top: 0px !important;margin-right: 0px !important;margin-bottom: 80px !important;margin-left: 0px !important;padding-top: 0px !important;padding-right: 0px !important;padding-bottom: 0px !important;padding-left: 0px !important;background-color: #131315 !important;}&#8221;][vc_column css=&#8221;.vc_custom_1488966314151{margin-top: 0px !important;margin-right: 0px !important;margin-bottom: 0px !important;margin-left: 0px !important;padding-top: 20px !important;padding-right: 30px !important;padding-bottom: 55px !important;padding-left: 30px !important;}&#8221; offset=&#8221;vc_col-lg-4&#8243; el_class=&#8221;showcase_info&#8221;][vc_column_text css=&#8221;.vc_custom_1603375546388{margin-top: 0px !important;margin-right: 0px !important;margin-bottom: 0px !important;margin-left: 0px !important;padding-top: 0px !important;padding-right: 0px !important;padding-bottom: 0px !important;padding-left: 0px !important;}&#8221;]<\/p>\n<h3><span style=\"color: #757579;\">Realizacja wizji<\/span><\/h3>\n<p>[\/vc_column_text][vc_empty_space height=&#8221;25px&#8221;][vc_column_text css=&#8221;.vc_custom_1603376140561{margin-top: 0px !important;margin-right: 0px !important;margin-bottom: 0px !important;margin-left: 0px !important;padding-top: 0px !important;padding-right: 0px !important;padding-bottom: 0px !important;padding-left: 0px !important;}&#8221;]Podczas r\u00f3\u017cnych event\u00f3w potrzebna jest realizacja wideo do wy\u015bwietlania ich na telebimach, rzutnikach czy te\u017c ich rejestracji.[\/vc_column_text][vc_empty_space height=&#8221;20px&#8221;][vc_column_text css=&#8221;.vc_custom_1603376166323{margin-top: 0px !important;margin-right: 0px !important;margin-bottom: 0px !important;margin-left: 0px !important;padding-top: 0px !important;padding-right: 0px !important;padding-bottom: 0px !important;padding-left: 0px !important;}&#8221;]Mo\u017cemy to zrealizowa\u0107 za pomoc\u0105 kilku do kilkunastu kamer\u2026[\/vc_column_text][vc_empty_space height=&#8221;40px&#8221;][gt3_button button_title=&#8221;Kontakt&#8221; button_size=&#8221;large&#8221; use_reverse_button=&#8221;&#8221; css=&#8221;.vc_custom_1612379810858{margin-bottom: 0px !important;padding-right: 38px !important;padding-left: 38px !important;}&#8221; link=&#8221;url:http%3A%2F%2Fwww.image-film.pl%2F%3Fpage_id%3D950|||&#8221;][\/vc_column][vc_column css=&#8221;.vc_custom_1488962039833{margin-top: 0px !important;margin-right: 0px !important;margin-bottom: 0px !important;margin-left: 0px !important;padding-top: 0px !important;padding-right: 0px !important;padding-bottom: 0px !important;padding-left: 0px !important;}&#8221; offset=&#8221;vc_col-lg-8&#8243;][vc_gallery interval=&#8221;0&#8243; images=&#8221;1620&#8243; img_size=&#8221;950&#215;500&#8243; onclick=&#8221;&#8221; css=&#8221;.vc_custom_1603373654240{margin-top: 0px !important;margin-right: 0px !important;margin-bottom: 0px !important;margin-left: 0px !important;padding-top: 0px !important;padding-right: 0px !important;padding-bottom: 0px !important;padding-left: 0px !important;}&#8221;][\/vc_column][\/vc_row][vc_row equal_height=&#8221;yes&#8221; content_placement=&#8221;middle&#8221; css_animation=&#8221;fadeInUp&#8221; css=&#8221;.vc_custom_1488968038755{margin-top: 0px !important;margin-right: 0px !important;margin-bottom: 25px !important;margin-left: 0px !important;padding-top: 0px !important;padding-right: 0px !important;padding-bottom: 0px !important;padding-left: 0px !important;background-color: #131315 !important;}&#8221;][vc_column css=&#8221;.vc_custom_1488962039833{margin-top: 0px !important;margin-right: 0px !important;margin-bottom: 0px !important;margin-left: 0px !important;padding-top: 0px !important;padding-right: 0px !important;padding-bottom: 0px !important;padding-left: 0px !important;}&#8221; offset=&#8221;vc_col-lg-8&#8243;][vc_gallery interval=&#8221;0&#8243; images=&#8221;1621&#8243; img_size=&#8221;950&#215;500&#8243; onclick=&#8221;&#8221; css=&#8221;.vc_custom_1603373688358{margin-top: 0px !important;margin-right: 0px !important;margin-bottom: 0px !important;margin-left: 0px !important;padding-top: 0px !important;padding-right: 0px !important;padding-bottom: 0px !important;padding-left: 0px !important;}&#8221;][\/vc_column][vc_column css=&#8221;.vc_custom_1488971752128{margin-top: 0px !important;margin-right: 0px !important;margin-bottom: 0px !important;margin-left: 0px !important;padding-top: 20px !important;padding-right: 30px !important;padding-bottom: 35px !important;padding-left: 30px !important;}&#8221; offset=&#8221;vc_col-lg-4&#8243; el_class=&#8221;showcase_info&#8221;][vc_column_text css=&#8221;.vc_custom_1603375591221{margin-top: 0px !important;margin-right: 0px !important;margin-bottom: 0px !important;margin-left: 0px !important;padding-top: 0px !important;padding-right: 0px !important;padding-bottom: 0px !important;padding-left: 0px !important;}&#8221;]<\/p>\n<h3><span style=\"color: #757579;\">Realizacje filmowe<\/span><\/h3>\n<p>[\/vc_column_text][vc_empty_space height=&#8221;25px&#8221;][vc_column_text css=&#8221;.vc_custom_1603376265931{margin-top: 0px !important;margin-right: 0px !important;margin-bottom: 0px !important;margin-left: 0px !important;padding-top: 0px !important;padding-right: 0px !important;padding-bottom: 0px !important;padding-left: 0px !important;}&#8221;]Spoty reklamowe, kr\u00f3tkie klipy, trailery, filmy szkoleniowe zrealizowane przez nasz\u0105 ekip\u0119 s\u0105 przygotowane do bezpo\u015bredniej promocji Twojej firmy.[\/vc_column_text][vc_empty_space height=&#8221;20px&#8221;][vc_column_text css=&#8221;.vc_custom_1603376287779{margin-top: 0px !important;margin-right: 0px !important;margin-bottom: 0px !important;margin-left: 0px !important;padding-top: 0px !important;padding-right: 0px !important;padding-bottom: 0px !important;padding-left: 0px !important;}&#8221;]Do wykorzystania na ka\u017cdym no\u015bniku i w social mediach.[\/vc_column_text][vc_empty_space height=&#8221;40px&#8221;][gt3_button button_title=&#8221;Kontakt&#8221; button_size=&#8221;large&#8221; use_reverse_button=&#8221;&#8221; css=&#8221;.vc_custom_1612379823560{margin-bottom: 0px !important;padding-right: 38px !important;padding-left: 38px !important;}&#8221; link=&#8221;url:http%3A%2F%2Fwww.image-film.pl%2F%3Fpage_id%3D950|||&#8221;][\/vc_column][\/vc_row][vc_row equal_height=&#8221;yes&#8221; content_placement=&#8221;middle&#8221; css_animation=&#8221;fadeInUp&#8221; css=&#8221;.vc_custom_1488967906159{margin-top: 0px !important;margin-right: 0px !important;margin-bottom: 80px !important;margin-left: 0px !important;padding-top: 0px !important;padding-right: 0px !important;padding-bottom: 0px !important;padding-left: 0px !important;background-color: #131315 !important;}&#8221;][vc_column css=&#8221;.vc_custom_1488966314151{margin-top: 0px !important;margin-right: 0px !important;margin-bottom: 0px !important;margin-left: 0px !important;padding-top: 20px !important;padding-right: 30px !important;padding-bottom: 55px !important;padding-left: 30px !important;}&#8221; offset=&#8221;vc_col-lg-4&#8243; el_class=&#8221;showcase_info&#8221;][vc_column_text css=&#8221;.vc_custom_1603375610268{margin-top: 0px !important;margin-right: 0px !important;margin-bottom: 0px !important;margin-left: 0px !important;padding-top: 0px !important;padding-right: 0px !important;padding-bottom: 0px !important;padding-left: 0px !important;}&#8221;]<\/p>\n<h3><span style=\"color: #757579;\">Reporta\u017ce filmowe<\/span><\/h3>\n<p>[\/vc_column_text][vc_empty_space height=&#8221;25px&#8221;][vc_column_text css=&#8221;.vc_custom_1603376389425{margin-top: 0px !important;margin-right: 0px !important;margin-bottom: 0px !important;margin-left: 0px !important;padding-top: 0px !important;padding-right: 0px !important;padding-bottom: 0px !important;padding-left: 0px !important;}&#8221;]Realizujemy wido-rejestracje jedno lub wielokamerowe wraz z p\u00f3\u017aniejszym monta\u017cem[\/vc_column_text][vc_empty_space height=&#8221;20px&#8221;][vc_column_text css=&#8221;.vc_custom_1603376415266{margin-top: 0px !important;margin-right: 0px !important;margin-bottom: 0px !important;margin-left: 0px !important;padding-top: 0px !important;padding-right: 0px !important;padding-bottom: 0px !important;padding-left: 0px !important;}&#8221;]wszelkich organizowanych event\u00f3w firmowy, koncert\u00f3w, wydarze\u0144 sportowych, kulturalnych i innych.[\/vc_column_text][vc_empty_space height=&#8221;40px&#8221;][gt3_button button_title=&#8221;Kontakt&#8221; button_size=&#8221;large&#8221; use_reverse_button=&#8221;&#8221; css=&#8221;.vc_custom_1612379837545{margin-bottom: 0px !important;padding-right: 38px !important;padding-left: 38px !important;}&#8221; link=&#8221;url:http%3A%2F%2Fwww.image-film.pl%2F%3Fpage_id%3D950|||&#8221;][\/vc_column][vc_column css=&#8221;.vc_custom_1488962039833{margin-top: 0px !important;margin-right: 0px !important;margin-bottom: 0px !important;margin-left: 0px !important;padding-top: 0px !important;padding-right: 0px !important;padding-bottom: 0px !important;padding-left: 0px !important;}&#8221; offset=&#8221;vc_col-lg-8&#8243;][vc_gallery interval=&#8221;0&#8243; images=&#8221;1622&#8243; img_size=&#8221;950&#215;500&#8243; onclick=&#8221;&#8221; css=&#8221;.vc_custom_1603373716737{margin-top: 0px !important;margin-right: 0px !important;margin-bottom: 0px !important;margin-left: 0px !important;padding-top: 0px !important;padding-right: 0px !important;padding-bottom: 0px !important;padding-left: 0px !important;}&#8221;][\/vc_column][\/vc_row][vc_row equal_height=&#8221;yes&#8221; content_placement=&#8221;middle&#8221; css_animation=&#8221;fadeInUp&#8221; css=&#8221;.vc_custom_1488968038755{margin-top: 0px !important;margin-right: 0px !important;margin-bottom: 25px !important;margin-left: 0px !important;padding-top: 0px !important;padding-right: 0px !important;padding-bottom: 0px !important;padding-left: 0px !important;background-color: #131315 !important;}&#8221;][vc_column css=&#8221;.vc_custom_1488962039833{margin-top: 0px !important;margin-right: 0px !important;margin-bottom: 0px !important;margin-left: 0px !important;padding-top: 0px !important;padding-right: 0px !important;padding-bottom: 0px !important;padding-left: 0px !important;}&#8221; offset=&#8221;vc_col-lg-8&#8243;][vc_gallery interval=&#8221;0&#8243; images=&#8221;1623&#8243; img_size=&#8221;950&#215;500&#8243; onclick=&#8221;&#8221; css=&#8221;.vc_custom_1603373741222{margin-top: 0px !important;margin-right: 0px !important;margin-bottom: 0px !important;margin-left: 0px !important;padding-top: 0px !important;padding-right: 0px !important;padding-bottom: 0px !important;padding-left: 0px !important;}&#8221;][\/vc_column][vc_column css=&#8221;.vc_custom_1488971752128{margin-top: 0px !important;margin-right: 0px !important;margin-bottom: 0px !important;margin-left: 0px !important;padding-top: 20px !important;padding-right: 30px !important;padding-bottom: 35px !important;padding-left: 30px !important;}&#8221; offset=&#8221;vc_col-lg-4&#8243; el_class=&#8221;showcase_info&#8221;][vc_column_text css=&#8221;.vc_custom_1603375637240{margin-top: 0px !important;margin-right: 0px !important;margin-bottom: 0px !important;margin-left: 0px !important;padding-top: 0px !important;padding-right: 0px !important;padding-bottom: 0px !important;padding-left: 0px !important;}&#8221;]<\/p>\n<h3><span style=\"color: #757579;\">Postprodukcja \/ monta\u017c wideo<\/span><\/h3>\n<p>[\/vc_column_text][vc_empty_space height=&#8221;25px&#8221;][vc_column_text css=&#8221;.vc_custom_1603376508524{margin-top: 0px !important;margin-right: 0px !important;margin-bottom: 0px !important;margin-left: 0px !important;padding-top: 0px !important;padding-right: 0px !important;padding-bottom: 0px !important;padding-left: 0px !important;}&#8221;]Monta\u017c materia\u0142\u00f3w wideo, synchronizacja i opracowanie graficznych efekt\u00f3w dla dostarczonych film\u00f3w od klienta.[\/vc_column_text][vc_empty_space height=&#8221;20px&#8221;][vc_column_text css=&#8221;.vc_custom_1603376530595{margin-top: 0px !important;margin-right: 0px !important;margin-bottom: 0px !important;margin-left: 0px !important;padding-top: 0px !important;padding-right: 0px !important;padding-bottom: 0px !important;padding-left: 0px !important;}&#8221;]Czasem potrzeba tylko kosmetycznych poprawek&#8230;[\/vc_column_text][vc_empty_space height=&#8221;40px&#8221;][gt3_button button_title=&#8221;Kontakt&#8221; button_size=&#8221;large&#8221; use_reverse_button=&#8221;&#8221; css=&#8221;.vc_custom_1612379849873{margin-bottom: 0px !important;padding-right: 38px !important;padding-left: 38px !important;}&#8221; link=&#8221;url:http%3A%2F%2Fwww.image-film.pl%2F%3Fpage_id%3D950|||&#8221;][\/vc_column][\/vc_row][vc_row equal_height=&#8221;yes&#8221; content_placement=&#8221;middle&#8221; css_animation=&#8221;fadeInUp&#8221; css=&#8221;.vc_custom_1488967906159{margin-top: 0px !important;margin-right: 0px !important;margin-bottom: 80px !important;margin-left: 0px !important;padding-top: 0px !important;padding-right: 0px !important;padding-bottom: 0px !important;padding-left: 0px !important;background-color: #131315 !important;}&#8221;][vc_column css=&#8221;.vc_custom_1488966314151{margin-top: 0px !important;margin-right: 0px !important;margin-bottom: 0px !important;margin-left: 0px !important;padding-top: 20px !important;padding-right: 30px !important;padding-bottom: 55px !important;padding-left: 30px !important;}&#8221; offset=&#8221;vc_col-lg-4&#8243; el_class=&#8221;showcase_info&#8221;][vc_column_text css=&#8221;.vc_custom_1603375670174{margin-top: 0px !important;margin-right: 0px !important;margin-bottom: 0px !important;margin-left: 0px !important;padding-top: 0px !important;padding-right: 0px !important;padding-bottom: 0px !important;padding-left: 0px !important;}&#8221;]<\/p>\n<h3><span style=\"color: #757579;\">Kierownictwo produkcji TV \/ Film<\/span><\/h3>\n<p>[\/vc_column_text][vc_empty_space height=&#8221;25px&#8221;][vc_column_text css=&#8221;.vc_custom_1603376555650{margin-top: 0px !important;margin-right: 0px !important;margin-bottom: 0px !important;margin-left: 0px !important;padding-top: 0px !important;padding-right: 0px !important;padding-bottom: 0px !important;padding-left: 0px !important;}&#8221;]Masz bud\u017cet, ekip\u0119 ale potrzebujesz kogo\u015b kto pokieruje ca\u0142y zespo\u0142em i procesem&#8230;[\/vc_column_text][vc_empty_space height=&#8221;20px&#8221;][vc_column_text css=&#8221;.vc_custom_1603376582391{margin-top: 0px !important;margin-right: 0px !important;margin-bottom: 0px !important;margin-left: 0px !important;padding-top: 0px !important;padding-right: 0px !important;padding-bottom: 0px !important;padding-left: 0px !important;}&#8221;]&#8230;skontaktuj si\u0119 z nami &#8211; mamy w Tym do\u015bwiadczenie![\/vc_column_text][vc_empty_space height=&#8221;40px&#8221;][gt3_button button_title=&#8221;Kontakt&#8221; button_size=&#8221;large&#8221; use_reverse_button=&#8221;&#8221; css=&#8221;.vc_custom_1612379862947{margin-bottom: 0px !important;padding-right: 38px !important;padding-left: 38px !important;}&#8221; link=&#8221;url:http%3A%2F%2Fwww.image-film.pl%2F%3Fpage_id%3D950|||&#8221;][\/vc_column][vc_column css=&#8221;.vc_custom_1488962039833{margin-top: 0px !important;margin-right: 0px !important;margin-bottom: 0px !important;margin-left: 0px !important;padding-top: 0px !important;padding-right: 0px !important;padding-bottom: 0px !important;padding-left: 0px !important;}&#8221; offset=&#8221;vc_col-lg-8&#8243;][vc_gallery interval=&#8221;0&#8243; images=&#8221;1624&#8243; img_size=&#8221;950&#215;500&#8243; onclick=&#8221;&#8221; css=&#8221;.vc_custom_1603373788093{margin-top: 0px !important;margin-right: 0px !important;margin-bottom: 0px !important;margin-left: 0px !important;padding-top: 0px !important;padding-right: 0px !important;padding-bottom: 0px !important;padding-left: 0px !important;}&#8221;][\/vc_column][\/vc_row][vc_row equal_height=&#8221;yes&#8221; content_placement=&#8221;middle&#8221; css_animation=&#8221;fadeInUp&#8221; css=&#8221;.vc_custom_1488968038755{margin-top: 0px !important;margin-right: 0px !important;margin-bottom: 25px !important;margin-left: 0px !important;padding-top: 0px !important;padding-right: 0px !important;padding-bottom: 0px !important;padding-left: 0px !important;background-color: #131315 !important;}&#8221;][vc_column css=&#8221;.vc_custom_1488962039833{margin-top: 0px !important;margin-right: 0px !important;margin-bottom: 0px !important;margin-left: 0px !important;padding-top: 0px !important;padding-right: 0px !important;padding-bottom: 0px !important;padding-left: 0px !important;}&#8221; offset=&#8221;vc_col-lg-8&#8243;][vc_gallery interval=&#8221;0&#8243; images=&#8221;1625&#8243; img_size=&#8221;950&#215;500&#8243; onclick=&#8221;&#8221; css=&#8221;.vc_custom_1603374016272{margin-top: 0px !important;margin-right: 0px !important;margin-bottom: 0px !important;margin-left: 0px !important;padding-top: 0px !important;padding-right: 0px !important;padding-bottom: 0px !important;padding-left: 0px !important;}&#8221;][\/vc_column][vc_column css=&#8221;.vc_custom_1488971752128{margin-top: 0px !important;margin-right: 0px !important;margin-bottom: 0px !important;margin-left: 0px !important;padding-top: 20px !important;padding-right: 30px !important;padding-bottom: 35px !important;padding-left: 30px !important;}&#8221; offset=&#8221;vc_col-lg-4&#8243; el_class=&#8221;showcase_info&#8221;][vc_column_text css=&#8221;.vc_custom_1603375687101{margin-top: 0px !important;margin-right: 0px !important;margin-bottom: 0px !important;margin-left: 0px !important;padding-top: 0px !important;padding-right: 0px !important;padding-bottom: 0px !important;padding-left: 0px !important;}&#8221;]<\/p>\n<h3><span style=\"color: #757579;\">nasze studio<\/span><\/h3>\n<p>[\/vc_column_text][vc_empty_space height=&#8221;25px&#8221;][vc_column_text css=&#8221;.vc_custom_1603376654608{margin-top: 0px !important;margin-right: 0px !important;margin-bottom: 0px !important;margin-left: 0px !important;padding-top: 0px !important;padding-right: 0px !important;padding-bottom: 0px !important;padding-left: 0px !important;}&#8221;]W naszym studio mo\u017cemy zrealizowa\u0107 r\u00f3\u017cnego rodzaju nagrania wideo, konferencje on-line czy te\u017c zrealizowa\u0107 spoty reklamowe.[\/vc_column_text][vc_empty_space height=&#8221;20px&#8221;][vc_column_text css=&#8221;.vc_custom_1603376907094{margin-top: 0px !important;margin-right: 0px !important;margin-bottom: 0px !important;margin-left: 0px !important;padding-top: 0px !important;padding-right: 0px !important;padding-bottom: 0px !important;padding-left: 0px !important;}&#8221;]Masz wszystko tylko brak Ci miejsca? Zapraszamy![\/vc_column_text][vc_empty_space height=&#8221;40px&#8221;][gt3_button button_title=&#8221;Kontakt&#8221; button_size=&#8221;large&#8221; use_reverse_button=&#8221;&#8221; css=&#8221;.vc_custom_1612379874051{margin-bottom: 0px !important;padding-right: 38px !important;padding-left: 38px !important;}&#8221; link=&#8221;url:http%3A%2F%2Fwww.image-film.pl%2F%3Fpage_id%3D950|||&#8221;][\/vc_column][\/vc_row]<\/p>\n","protected":false},"excerpt":{"rendered":"<p>[vc_row full_width=&#8221;stretch_row_content&#8221; css=&#8221;.vc_custom_1603371230018{margin-top: -85px !important;background-image: url(http:\/\/www.image-film.pl\/wp-content\/uploads\/2020\/10\/oferta_banner_tlo.jpg?id=1616) !important;background-position: center !important;background-repeat: no-repeat !important;background-size: cover !important;}&#8221;][vc_column][vc_empty_space height=&#8221;400px&#8221;][\/vc_column][\/vc_row][vc_row][vc_column][vc_column_text css=&#8221;.vc_custom_1603371559984{margin-bottom: 0px !important;padding-top: 15px !important;padding-bottom: 22px !important;}&#8221;] Co oferujemy naszym klientom? [\/vc_column_text][vc_column_text css=&#8221;.vc_custom_1603371583517{padding-bottom: 26px !important;}&#8221;] Praca z obrazem to nasza pasja, dlatego naszym klientom oferujemy us\u0142ugi z zakresu obs\u0142ugi audio-wizualnej od pojedynczych kamer i wydarze\u0144, po bardziej skomplikowane eventy i transmisje [&hellip;]<\/p>\n","protected":false},"author":1,"featured_media":0,"parent":0,"menu_order":0,"comment_status":"closed","ping_status":"closed","template":"","meta":[],"_links":{"self":[{"href":"https:\/\/www.image-film.pl\/index.php?rest_route=\/wp\/v2\/pages\/1615"}],"collection":[{"href":"https:\/\/www.image-film.pl\/index.php?rest_route=\/wp\/v2\/pages"}],"about":[{"href":"https:\/\/www.image-film.pl\/index.php?rest_route=\/wp\/v2\/types\/page"}],"author":[{"embeddable":true,"href":"https:\/\/www.image-film.pl\/index.php?rest_route=\/wp\/v2\/users\/1"}],"replies":[{"embeddable":true,"href":"https:\/\/www.image-film.pl\/index.php?rest_route=%2Fwp%2Fv2%2Fcomments&post=1615"}],"version-history":[{"count":4,"href":"https:\/\/www.image-film.pl\/index.php?rest_route=\/wp\/v2\/pages\/1615\/revisions"}],"predecessor-version":[{"id":1708,"href":"https:\/\/www.image-film.pl\/index.php?rest_route=\/wp\/v2\/pages\/1615\/revisions\/1708"}],"wp:attachment":[{"href":"https:\/\/www.image-film.pl\/index.php?rest_route=%2Fwp%2Fv2%2Fmedia&parent=1615"}],"curies":[{"name":"wp","href":"https:\/\/api.w.org\/{rel}","templated":true}]}}